{"id":74,"date":"2021-02-02T14:49:16","date_gmt":"2021-02-02T13:49:16","guid":{"rendered":"http:\/\/sos-garage.be\/?page_id=74"},"modified":"2025-01-12T17:20:53","modified_gmt":"2025-01-12T16:20:53","slug":"fabrication-de-pieces-rares","status":"publish","type":"page","link":"https:\/\/sos-garage.be\/?page_id=74","title":{"rendered":"R\u00e9gule de bielles et paliers"},"content":{"rendered":"\n<p class=\"has-text-align-left\"><strong>Nous r\u00e9gulons les bielles et paliers. <\/strong><\/p>\n\n\n\n<div class=\"wp-block-media-text alignwide has-media-on-the-right is-stacked-on-mobile is-vertically-aligned-center\"><figure class=\"wp-block-media-text__media\"><img loading=\"lazy\" width=\"1024\" height=\"768\" src=\"https:\/\/sos-garage.be\/wp-content\/uploads\/2025\/01\/P1130757-1024x768.jpg\" alt=\"\" class=\"wp-image-710 size-full\" srcset=\"https:\/\/sos-garage.be\/wp-content\/uploads\/2025\/01\/P1130757-1024x768.jpg 1024w, https:\/\/sos-garage.be\/wp-content\/uploads\/2025\/01\/P1130757-300x225.jpg 300w, https:\/\/sos-garage.be\/wp-content\/uploads\/2025\/01\/P1130757-768x576.jpg 768w, https:\/\/sos-garage.be\/wp-content\/uploads\/2025\/01\/P1130757-1536x1152.jpg 1536w, https:\/\/sos-garage.be\/wp-content\/uploads\/2025\/01\/P1130757-2048x1536.jpg 2048w\" sizes=\"(max-width: 1024px) 100vw, 1024px\" \/><\/figure><div class=\"wp-block-media-text__content\">\n<p>R\u00e9gule sur support en fonte, aluminium, acier, bronze<\/p>\n\n\n\n<ul><li>Bielles<\/li><\/ul>\n\n\n\n<ul><li>Paliers de vilebrequin<\/li><\/ul>\n\n\n\n<ul><li>Bagues de guidage<\/li><\/ul>\n\n\n\n<ul><li>Al\u00e9sage de finition<\/li><\/ul>\n\n\n\n<p><\/p>\n<\/div><\/div>\n\n\n\n<div style=\"height:20px\" aria-hidden=\"true\" class=\"wp-block-spacer\"><\/div>\n","protected":false},"excerpt":{"rendered":"<p>Nous r\u00e9gulons les bielles et paliers. R\u00e9gule sur support en fonte, aluminium, acier, bronze Bielles Paliers de vilebrequin Bagues de guidage Al\u00e9sage de finition<\/p>\n","protected":false},"author":1,"featured_media":0,"parent":0,"menu_order":0,"comment_status":"closed","ping_status":"closed","template":"","meta":[],"uagb_featured_image_src":{"full":false,"thumbnail":false,"medium":false,"medium_large":false,"large":false,"1536x1536":false,"2048x2048":false,"tc-grid-full":false,"tc-grid":false,"tc-thumb":false,"slider-full":false,"slider":false,"tc-sq-thumb":false,"tc-ws-thumb":false,"tc-ws-small-thumb":false,"tc-slider-small":false},"uagb_author_info":{"display_name":"Nicolas Stalon","author_link":"https:\/\/sos-garage.be\/?author=1"},"uagb_comment_info":0,"uagb_excerpt":"Nous r\u00e9gulons les bielles et paliers. R\u00e9gule sur support en fonte, aluminium, acier, bronze Bielles Paliers de vilebrequin Bagues de guidage Al\u00e9sage de finition","yoast_head":"<!-- This site is optimized with the Yoast SEO plugin v15.7 - https:\/\/yoast.com\/wordpress\/plugins\/seo\/ -->\n<title>R\u00e9gule de bielles et paliers - Stalon Oldtimer Solutions<\/title>\n<meta name=\"robots\" content=\"index, follow, max-snippet:-1, max-image-preview:large, max-video-preview:-1\" \/>\n<link rel=\"canonical\" href=\"https:\/\/sos-garage.be\/?page_id=74\" \/>\n<meta property=\"og:locale\" content=\"fr_FR\" \/>\n<meta property=\"og:type\" content=\"article\" \/>\n<meta property=\"og:title\" content=\"R\u00e9gule de bielles et paliers - Stalon Oldtimer Solutions\" \/>\n<meta property=\"og:description\" content=\"Nous r\u00e9gulons les bielles et paliers. R\u00e9gule sur support en fonte, aluminium, acier, bronze Bielles Paliers de vilebrequin Bagues de guidage Al\u00e9sage de finition\" \/>\n<meta property=\"og:url\" content=\"https:\/\/sos-garage.be\/?page_id=74\" \/>\n<meta property=\"og:site_name\" content=\"Stalon Oldtimer Solutions\" \/>\n<meta property=\"article:modified_time\" content=\"2025-01-12T16:20:53+00:00\" \/>\n<meta property=\"og:image\" content=\"https:\/\/sos-garage.be\/wp-content\/uploads\/2025\/01\/P1130757-1024x768.jpg\" \/>\n<meta name=\"twitter:card\" content=\"summary_large_image\" \/>\n<meta name=\"twitter:label1\" content=\"Dur\u00e9e de lecture est.\">\n\t<meta name=\"twitter:data1\" content=\"1 minute\">\n<script type=\"application\/ld+json\" class=\"yoast-schema-graph\">{\"@context\":\"https:\/\/schema.org\",\"@graph\":[{\"@type\":\"WebSite\",\"@id\":\"https:\/\/sos-garage.be\/#website\",\"url\":\"https:\/\/sos-garage.be\/\",\"name\":\"Stalon Oldtimer Solutions\",\"description\":\"\",\"potentialAction\":[{\"@type\":\"SearchAction\",\"target\":\"https:\/\/sos-garage.be\/?s={search_term_string}\",\"query-input\":\"required name=search_term_string\"}],\"inLanguage\":\"fr-FR\"},{\"@type\":\"ImageObject\",\"@id\":\"https:\/\/sos-garage.be\/?page_id=74#primaryimage\",\"inLanguage\":\"fr-FR\",\"url\":\"https:\/\/sos-garage.be\/wp-content\/uploads\/2025\/01\/P1130757-scaled.jpg\",\"width\":2560,\"height\":1920},{\"@type\":\"WebPage\",\"@id\":\"https:\/\/sos-garage.be\/?page_id=74#webpage\",\"url\":\"https:\/\/sos-garage.be\/?page_id=74\",\"name\":\"R\\u00e9gule de bielles et paliers - Stalon Oldtimer Solutions\",\"isPartOf\":{\"@id\":\"https:\/\/sos-garage.be\/#website\"},\"primaryImageOfPage\":{\"@id\":\"https:\/\/sos-garage.be\/?page_id=74#primaryimage\"},\"datePublished\":\"2021-02-02T13:49:16+00:00\",\"dateModified\":\"2025-01-12T16:20:53+00:00\",\"inLanguage\":\"fr-FR\",\"potentialAction\":[{\"@type\":\"ReadAction\",\"target\":[\"https:\/\/sos-garage.be\/?page_id=74\"]}]}]}<\/script>\n<!-- \/ Yoast SEO plugin. -->","_links":{"self":[{"href":"https:\/\/sos-garage.be\/index.php?rest_route=\/wp\/v2\/pages\/74"}],"collection":[{"href":"https:\/\/sos-garage.be\/index.php?rest_route=\/wp\/v2\/pages"}],"about":[{"href":"https:\/\/sos-garage.be\/index.php?rest_route=\/wp\/v2\/types\/page"}],"author":[{"embeddable":true,"href":"https:\/\/sos-garage.be\/index.php?rest_route=\/wp\/v2\/users\/1"}],"replies":[{"embeddable":true,"href":"https:\/\/sos-garage.be\/index.php?rest_route=%2Fwp%2Fv2%2Fcomments&post=74"}],"version-history":[{"count":16,"href":"https:\/\/sos-garage.be\/index.php?rest_route=\/wp\/v2\/pages\/74\/revisions"}],"predecessor-version":[{"id":711,"href":"https:\/\/sos-garage.be\/index.php?rest_route=\/wp\/v2\/pages\/74\/revisions\/711"}],"wp:attachment":[{"href":"https:\/\/sos-garage.be\/index.php?rest_route=%2Fwp%2Fv2%2Fmedia&parent=74"}],"curies":[{"name":"wp","href":"https:\/\/api.w.org\/{rel}","templated":true}]}}