{"id":70,"date":"2021-02-02T14:48:21","date_gmt":"2021-02-02T13:48:21","guid":{"rendered":"http:\/\/sos-garage.be\/?page_id=70"},"modified":"2025-01-12T17:03:05","modified_gmt":"2025-01-12T16:03:05","slug":"entretien-de-la-voiture","status":"publish","type":"page","link":"https:\/\/sos-garage.be\/?page_id=70","title":{"rendered":"Entretien et r\u00e9paration du v\u00e9hicule"},"content":{"rendered":"\n<p><strong>Nous r\u00e9alisons l&rsquo;entretien complet de votre v\u00e9hicule et vous offrons la possibilit\u00e9 de prise en charge et de retour \u00e0 votre domicile. Nous diagnostiquons le probl\u00e8me, r\u00e9alisons une \u00e9tude technique et vous pr\u00e9sentons une solution. <\/strong><\/p>\n\n\n\n<div style=\"height:25px\" aria-hidden=\"true\" class=\"wp-block-spacer\"><\/div>\n\n\n\n<div class=\"wp-block-media-text alignwide has-media-on-the-right is-stacked-on-mobile is-vertically-aligned-center\"><figure class=\"wp-block-media-text__media\"><img loading=\"lazy\" width=\"1024\" height=\"768\" src=\"https:\/\/sos-garage.be\/wp-content\/uploads\/2021\/03\/DSCN2915-1024x768.jpg\" alt=\"\" class=\"wp-image-437 size-full\" srcset=\"https:\/\/sos-garage.be\/wp-content\/uploads\/2021\/03\/DSCN2915-1024x768.jpg 1024w, https:\/\/sos-garage.be\/wp-content\/uploads\/2021\/03\/DSCN2915-300x225.jpg 300w, https:\/\/sos-garage.be\/wp-content\/uploads\/2021\/03\/DSCN2915-768x576.jpg 768w, https:\/\/sos-garage.be\/wp-content\/uploads\/2021\/03\/DSCN2915-1536x1152.jpg 1536w, https:\/\/sos-garage.be\/wp-content\/uploads\/2021\/03\/DSCN2915-2048x1536.jpg 2048w\" sizes=\"(max-width: 1024px) 100vw, 1024px\" \/><\/figure><div class=\"wp-block-media-text__content\">\n<p>M\u00e9canique moteur, pont, bo\u00eete, \u2026<\/p>\n\n\n\n<p><\/p>\n\n\n\n<ul id=\"block-46bd53a9-60d2-4a24-be0a-8f8867ae90b6\"><li>D\u00e9pose, ouverture et d\u00e9montage moteur, boite, pont<\/li><li>Mesures et calculs des jeux<\/li><li>Supervision d\u2019usinage moteur ou fabrication d\u2019engrenages par nos sous-traitants<\/li><li>Remontage, v\u00e9rifications&nbsp;&nbsp;<\/li><\/ul>\n\n\n\n<p>Usinage de pi\u00e8ces sur tour, fraiseuse, mortaiseuse, &#8230;<\/p>\n\n\n\n<ul><li>Rectification de pi\u00e8ces us\u00e9es<\/li><li>Usinage de pi\u00e8ces de compensation<\/li><\/ul>\n<\/div><\/div>\n\n\n\n<div style=\"height:20px\" aria-hidden=\"true\" class=\"wp-block-spacer\"><\/div>\n\n\n\n<div class=\"wp-block-media-text alignwide has-media-on-the-right is-stacked-on-mobile is-vertically-aligned-center\"><figure class=\"wp-block-media-text__media\"><img loading=\"lazy\" width=\"1024\" height=\"768\" src=\"https:\/\/sos-garage.be\/wp-content\/uploads\/2021\/03\/DSCN2835-1-1024x768.jpg\" alt=\"\" class=\"wp-image-440 size-full\" srcset=\"https:\/\/sos-garage.be\/wp-content\/uploads\/2021\/03\/DSCN2835-1-1024x768.jpg 1024w, https:\/\/sos-garage.be\/wp-content\/uploads\/2021\/03\/DSCN2835-1-300x225.jpg 300w, https:\/\/sos-garage.be\/wp-content\/uploads\/2021\/03\/DSCN2835-1-768x576.jpg 768w, https:\/\/sos-garage.be\/wp-content\/uploads\/2021\/03\/DSCN2835-1-1536x1152.jpg 1536w, https:\/\/sos-garage.be\/wp-content\/uploads\/2021\/03\/DSCN2835-1-2048x1536.jpg 2048w\" sizes=\"(max-width: 1024px) 100vw, 1024px\" \/><\/figure><div class=\"wp-block-media-text__content\">\n<p>Electricit\u00e9&nbsp;: magn\u00e9to, trembleurs, calage de l\u2019allumage<\/p>\n\n\n\n<ul id=\"block-46bd53a9-60d2-4a24-be0a-8f8867ae90b6\"><li>V\u00e9rification du circuit \u00e9lectrique<\/li><li>Calage de l\u2019allumage<\/li><li>Magn\u00e9to et trembleur\u00a0: banc de tests, alimantation, bobinage, condensateur<\/li><li>Fabrication de charbons<\/li><li>R\u00e9-aimantation de magn\u00e9tos, v\u00e9rification d&rsquo;induits<\/li><\/ul>\n\n\n\n<p><\/p>\n\n\n\n<p>Carburation<\/p>\n\n\n\n<ul><li>Nettoyage par ultrasons<\/li><li>Fabrication de pi\u00e8ces<\/li><li>Analyse des gaz<\/li><\/ul>\n<\/div><\/div>\n\n\n\n<h2><\/h2>\n","protected":false},"excerpt":{"rendered":"<p>Nous r\u00e9alisons l&rsquo;entretien complet de votre v\u00e9hicule et vous offrons la possibilit\u00e9 de prise en charge et de retour \u00e0 votre domicile. Nous diagnostiquons le probl\u00e8me, r\u00e9alisons une \u00e9tude technique et vous pr\u00e9sentons une solution. M\u00e9canique moteur, pont, bo\u00eete, \u2026 D\u00e9pose, ouverture et d\u00e9montage moteur, boite, pont Mesures et calculs des jeux Supervision d\u2019usinage moteur [&hellip;]<\/p>\n","protected":false},"author":1,"featured_media":0,"parent":0,"menu_order":0,"comment_status":"closed","ping_status":"closed","template":"","meta":[],"uagb_featured_image_src":{"full":false,"thumbnail":false,"medium":false,"medium_large":false,"large":false,"1536x1536":false,"2048x2048":false,"tc-grid-full":false,"tc-grid":false,"tc-thumb":false,"slider-full":false,"slider":false,"tc-sq-thumb":false,"tc-ws-thumb":false,"tc-ws-small-thumb":false,"tc-slider-small":false},"uagb_author_info":{"display_name":"Nicolas Stalon","author_link":"https:\/\/sos-garage.be\/?author=1"},"uagb_comment_info":0,"uagb_excerpt":"Nous r\u00e9alisons l&rsquo;entretien complet de votre v\u00e9hicule et vous offrons la possibilit\u00e9 de prise en charge et de retour \u00e0 votre domicile. Nous diagnostiquons le probl\u00e8me, r\u00e9alisons une \u00e9tude technique et vous pr\u00e9sentons une solution. M\u00e9canique moteur, pont, bo\u00eete, \u2026 D\u00e9pose, ouverture et d\u00e9montage moteur, boite, pont Mesures et calculs des jeux Supervision d\u2019usinage moteur\u2026","yoast_head":"<!-- This site is optimized with the Yoast SEO plugin v15.7 - https:\/\/yoast.com\/wordpress\/plugins\/seo\/ -->\n<title>Entretien et r\u00e9paration du v\u00e9hicule - Stalon Oldtimer Solutions<\/title>\n<meta name=\"robots\" content=\"index, follow, max-snippet:-1, max-image-preview:large, max-video-preview:-1\" \/>\n<link rel=\"canonical\" href=\"https:\/\/sos-garage.be\/?page_id=70\" \/>\n<meta property=\"og:locale\" content=\"fr_FR\" \/>\n<meta property=\"og:type\" content=\"article\" \/>\n<meta property=\"og:title\" content=\"Entretien et r\u00e9paration du v\u00e9hicule - Stalon Oldtimer Solutions\" \/>\n<meta property=\"og:description\" content=\"Nous r\u00e9alisons l&rsquo;entretien complet de votre v\u00e9hicule et vous offrons la possibilit\u00e9 de prise en charge et de retour \u00e0 votre domicile. Nous diagnostiquons le probl\u00e8me, r\u00e9alisons une \u00e9tude technique et vous pr\u00e9sentons une solution. M\u00e9canique moteur, pont, bo\u00eete, \u2026 D\u00e9pose, ouverture et d\u00e9montage moteur, boite, pont Mesures et calculs des jeux Supervision d\u2019usinage moteur [&hellip;]\" \/>\n<meta property=\"og:url\" content=\"https:\/\/sos-garage.be\/?page_id=70\" \/>\n<meta property=\"og:site_name\" content=\"Stalon Oldtimer Solutions\" \/>\n<meta property=\"article:modified_time\" content=\"2025-01-12T16:03:05+00:00\" \/>\n<meta property=\"og:image\" content=\"https:\/\/sos-garage.be\/wp-content\/uploads\/2021\/03\/DSCN2915-1024x768.jpg\" \/>\n<meta name=\"twitter:card\" content=\"summary_large_image\" \/>\n<meta name=\"twitter:label1\" content=\"Dur\u00e9e de lecture est.\">\n\t<meta name=\"twitter:data1\" content=\"1 minute\">\n<script type=\"application\/ld+json\" class=\"yoast-schema-graph\">{\"@context\":\"https:\/\/schema.org\",\"@graph\":[{\"@type\":\"WebSite\",\"@id\":\"https:\/\/sos-garage.be\/#website\",\"url\":\"https:\/\/sos-garage.be\/\",\"name\":\"Stalon Oldtimer Solutions\",\"description\":\"\",\"potentialAction\":[{\"@type\":\"SearchAction\",\"target\":\"https:\/\/sos-garage.be\/?s={search_term_string}\",\"query-input\":\"required name=search_term_string\"}],\"inLanguage\":\"fr-FR\"},{\"@type\":\"ImageObject\",\"@id\":\"https:\/\/sos-garage.be\/?page_id=70#primaryimage\",\"inLanguage\":\"fr-FR\",\"url\":\"https:\/\/sos-garage.be\/wp-content\/uploads\/2021\/03\/DSCN2915-scaled.jpg\",\"width\":2560,\"height\":1920},{\"@type\":\"WebPage\",\"@id\":\"https:\/\/sos-garage.be\/?page_id=70#webpage\",\"url\":\"https:\/\/sos-garage.be\/?page_id=70\",\"name\":\"Entretien et r\\u00e9paration du v\\u00e9hicule - Stalon Oldtimer Solutions\",\"isPartOf\":{\"@id\":\"https:\/\/sos-garage.be\/#website\"},\"primaryImageOfPage\":{\"@id\":\"https:\/\/sos-garage.be\/?page_id=70#primaryimage\"},\"datePublished\":\"2021-02-02T13:48:21+00:00\",\"dateModified\":\"2025-01-12T16:03:05+00:00\",\"inLanguage\":\"fr-FR\",\"potentialAction\":[{\"@type\":\"ReadAction\",\"target\":[\"https:\/\/sos-garage.be\/?page_id=70\"]}]}]}<\/script>\n<!-- \/ Yoast SEO plugin. -->","_links":{"self":[{"href":"https:\/\/sos-garage.be\/index.php?rest_route=\/wp\/v2\/pages\/70"}],"collection":[{"href":"https:\/\/sos-garage.be\/index.php?rest_route=\/wp\/v2\/pages"}],"about":[{"href":"https:\/\/sos-garage.be\/index.php?rest_route=\/wp\/v2\/types\/page"}],"author":[{"embeddable":true,"href":"https:\/\/sos-garage.be\/index.php?rest_route=\/wp\/v2\/users\/1"}],"replies":[{"embeddable":true,"href":"https:\/\/sos-garage.be\/index.php?rest_route=%2Fwp%2Fv2%2Fcomments&post=70"}],"version-history":[{"count":14,"href":"https:\/\/sos-garage.be\/index.php?rest_route=\/wp\/v2\/pages\/70\/revisions"}],"predecessor-version":[{"id":706,"href":"https:\/\/sos-garage.be\/index.php?rest_route=\/wp\/v2\/pages\/70\/revisions\/706"}],"wp:attachment":[{"href":"https:\/\/sos-garage.be\/index.php?rest_route=%2Fwp%2Fv2%2Fmedia&parent=70"}],"curies":[{"name":"wp","href":"https:\/\/api.w.org\/{rel}","templated":true}]}}